{"id":51018,"date":"2021-01-13T18:03:15","date_gmt":"2021-01-13T18:03:15","guid":{"rendered":"https:\/\/permaculturestorytelling.com\/?page_id=51018"},"modified":"2021-01-13T18:06:10","modified_gmt":"2021-01-13T18:06:10","slug":"legal-notice","status":"publish","type":"page","link":"https:\/\/permaculturestorytelling.com\/fr\/legal-notice\/","title":{"rendered":"Mentions L\u00e9gales"},"content":{"rendered":"<p>Conform\u00e9ment aux dispositions des Articles 6-III et 19 de la Loi n\u00b02004-575 du 21 juin 2004 pour la Confiance dans l\u2019\u00e9conomie num\u00e9rique, dite L.C.E.N., il est port\u00e9 \u00e0 la connaissance des utilisateurs et visiteurs du site www.CalinRadulescu.com les pr\u00e9sentes mentions l\u00e9gales.<\/p>\n\n\n\n<p>Le site www.CalinRadulescu.com est accessible depuis l\u2019adresse suivante : www.CalinRadulescu.com (ci-apr\u00e8s \u00ab le Site \u00bb).<\/p>\n\n\n\n<p>L\u2019acc\u00e8s et l\u2019utilisation du Site sont soumis aux pr\u00e9sentes \u00ab Mentions l\u00e9gales \u00bb d\u00e9taill\u00e9es ci-apr\u00e8s ainsi qu\u2019aux lois et\/ou r\u00e8glements applicables.<\/p>\n\n\n\n<p>La connexion, l\u2019utilisation et l\u2019acc\u00e8s \u00e0 ce Site impliquent l\u2019acceptation int\u00e9grale et sans r\u00e9serve de l\u2019internaute de toutes les dispositions des pr\u00e9sentes Mentions L\u00e9gales.<\/p>\n\n\n\n<p><strong>Informations l\u00e9gales<\/strong><\/p>\n\n\n\n<p>En vertu de l\u2019Article 6 de la Loi n\u00b02004-575 du 21 juin 2004 pour la confiance dans l\u2019\u00e9conomie num\u00e9rique, il est pr\u00e9cis\u00e9 dans cet article l\u2019identit\u00e9 des diff\u00e9rents intervenants dans le cadre de sa r\u00e9alisation et de son suivi.<\/p>\n\n\n\n<p><strong>A. \u00c9diteur du site<\/strong><\/p>\n\n\n\n<p>Le site www.CalinRadulescu.com est \u00e9dit\u00e9 par :<\/p>\n\n\n\n<p>Calin Radulescu, domicili\u00e9 \u00e0 l\u2019adresse suivante : 23 rue Pasteur, 69007 LYON et immatricul\u00e9e au num\u00e9ro suivant : 812 325 355.<\/p>\n\n\n\n<p>T\u00e9l\u00e9phone : +33 6 01 76 69 85<\/p>\n\n\n\n<p>Adresse email : info@permaculturestorytelling.com<\/p>\n\n\n\n<p>ci-apr\u00e8s \u00ab l\u2019\u00c9diteur \u00bb<\/p>\n\n\n\n<p>B<strong>. Directeur de publication<\/strong><\/p>\n\n\n\n<p>Le directeur de publication est Calin Radulescu.<\/p>\n\n\n\n<p>Adresse email de contact : info@permaculturestorytelling.com<\/p>\n\n\n\n<p>ci-apr\u00e8s \u00ab le Directeur de publication \u00bb.<\/p>\n\n\n\n<p><strong>C. H\u00e9bergeur du site<\/strong><\/p>\n\n\n\n<p>Le site www.CalinRadulescu.com est h\u00e9berg\u00e9 par :<\/p>\n\n\n\n<p>BlueHost dont le si\u00e8ge social est situ\u00e9 \u00e0 l\u2019adresse suivante: 10 Corporate Drive, Suite #300, Burlington, MA 01803, USA<\/p>\n\n\n\n<p>T\u00e9l\u00e9phone: +1 801-765-9400<\/p>\n\n\n\n<p>Adresse email: legal@bluehost.com<\/p>\n\n\n\n<p>ci-apr\u00e8s \u00ab l\u2019H\u00e9bergeur \u00bb.<\/p>\n\n\n\n<p><strong>D. Utilisateurs<\/strong><\/p>\n\n\n\n<p>Sont consid\u00e9r\u00e9s comme utilisateurs tous les internautes qui naviguent, lisent, visionnent et utilisent le site www.CalinRadulescu.com ci-apr\u00e8s les \u00ab Utilisateurs \u00bb<\/p>\n\n\n\n<p><strong>AVERTISSEMENT<\/strong><\/p>\n\n\n\n<p>Pour demander plus d\u2019informations ou poser des questions relatives \u00e0 la clause de non-responsabilit\u00e9 de mon site, n\u2019h\u00e9sitez-pas \u00e0 me contacter par email \u00e0 l\u2019adresse : info@permaculturestorytelling.com.<\/p>\n\n\n\n<p>L\u2019int\u00e9gralit\u00e9 des informations publi\u00e9es sur ce site le sont de toute bonne foi et uniquement \u00e0 titre d\u2019information g\u00e9n\u00e9rale. www.CalinRadulescu.com ne peut pas garantir l\u2019exhaustivit\u00e9, la fiabilit\u00e9 et l\u2019exactitude de ces informations.<\/p>\n\n\n\n<p>Vous prendriez \u00e0 vos risques et p\u00e9rils toutes actions fond\u00e9es sur les informations que vous trouverez sur ce site. www.CalinRadulescu.com ne peut \u00eatre tenu responsable des pertes et\/ou dommages li\u00e9s \u00e0 l\u2019utilisation de mon site Web.<\/p>\n\n\n\n<p>Vous pouvez suivre des hyperliens vers d\u2019autres sites Web \u00e0 partir de www.CalinRadulescu.com. Malgr\u00e9 l\u2019effort de fournir uniquement des liens de qualit\u00e9 vers des sites Web utiles et \u00e9thiques, je n\u2019ai aucun contr\u00f4le sur le contenu et la nature de ces sites.<\/p>\n\n\n\n<p>L\u2019int\u00e9gralit\u00e9 du contenu des sites vers lesquels ces liens renvoient ne peut \u00eatre consid\u00e9r\u00e9e comme ayant \u00e9t\u00e9 recommand\u00e9. Je ne peux pas \u00eatre pr\u00e9venu de tout changement op\u00e9r\u00e9 dans le contenu du site sur lequel un hyperlien renvoie.<\/p>\n\n\n\n<p>Soyez conscients que lorsque vous quittez mon site, vous naviguez sur d\u2019autres sites qui peuvent avoir des politiques de confidentialit\u00e9 diff\u00e9rentes de la mienne et qui \u00e9chappent \u00e0 mon contr\u00f4le.<\/p>\n\n\n\n<p><strong>CONSENTEMENT<\/strong><\/p>\n\n\n\n<p>En poursuivant votre navigation sur le site www.CalinRadulescu.com, vous consentez \u00e0 ma clause de non-responsabilit\u00e9 et acceptez ses conditions.<\/p>\n\n\n\n<p><strong>CONTACT<\/strong><\/p>\n\n\n\n<p>Pour tout signalement de contenus ou d\u2019activit\u00e9s illicites, l\u2019Utilisateur peut contacter l\u2019\u00c9diteur \u00e0 l\u2019adresse suivante : info@permaculturestorytelling.com, ou par courrier recommand\u00e9 avec accus\u00e9 de r\u00e9ception adress\u00e9 \u00e0 l\u2019\u00c9diteur aux coordonn\u00e9es pr\u00e9cis\u00e9es dans les pr\u00e9sentes mentions l\u00e9gales.<\/p>","protected":false},"excerpt":{"rendered":"<p>In accordance with the provisions of Articles 6-III and 19 of Law n \u00b0 2004-575 of 21 June 2004 for Confidence in the digital economy, known as LCEN, it is [&hellip;]<\/p>\n","protected":false},"author":1,"featured_media":0,"parent":0,"menu_order":0,"comment_status":"closed","ping_status":"closed","template":"page-template-blank.php","meta":{"_et_pb_use_builder":"off","_et_pb_old_content":"","_et_gb_content_width":"1080","_EventAllDay":false,"_EventTimezone":"","_EventStartDate":"","_EventEndDate":"","_EventStartDateUTC":"","_EventEndDateUTC":"","_EventShowMap":false,"_EventShowMapLink":false,"_EventURL":"","_EventCost":"","_EventCostDescription":"","_EventCurrencySymbol":"","_EventCurrencyCode":"","_EventCurrencyPosition":"","_EventDateTimeSeparator":"","_EventTimeRangeSeparator":"","_EventOrganizerID":[],"_EventVenueID":[],"_OrganizerEmail":"","_OrganizerPhone":"","_OrganizerWebsite":"","_VenueAddress":"","_VenueCity":"","_VenueCountry":"","_VenueProvince":"","_VenueState":"","_VenueZip":"","_VenuePhone":"","_VenueURL":"","_VenueStateProvince":"","_VenueLat":"","_VenueLng":"","_VenueShowMap":false,"_VenueShowMapLink":false,"footnotes":""},"class_list":["post-51018","page","type-page","status-publish","hentry"],"jetpack_sharing_enabled":true,"_links":{"self":[{"href":"https:\/\/permaculturestorytelling.com\/fr\/wp-json\/wp\/v2\/pages\/51018","targetHints":{"allow":["GET"]}}],"collection":[{"href":"https:\/\/permaculturestorytelling.com\/fr\/wp-json\/wp\/v2\/pages"}],"about":[{"href":"https:\/\/permaculturestorytelling.com\/fr\/wp-json\/wp\/v2\/types\/page"}],"author":[{"embeddable":true,"href":"https:\/\/permaculturestorytelling.com\/fr\/wp-json\/wp\/v2\/users\/1"}],"replies":[{"embeddable":true,"href":"https:\/\/permaculturestorytelling.com\/fr\/wp-json\/wp\/v2\/comments?post=51018"}],"version-history":[{"count":1,"href":"https:\/\/permaculturestorytelling.com\/fr\/wp-json\/wp\/v2\/pages\/51018\/revisions"}],"predecessor-version":[{"id":51019,"href":"https:\/\/permaculturestorytelling.com\/fr\/wp-json\/wp\/v2\/pages\/51018\/revisions\/51019"}],"wp:attachment":[{"href":"https:\/\/permaculturestorytelling.com\/fr\/wp-json\/wp\/v2\/media?parent=51018"}],"curies":[{"name":"wp","href":"https:\/\/api.w.org\/{rel}","templated":true}]}}