{"id":51978,"date":"2021-09-28T16:09:39","date_gmt":"2021-09-28T16:09:39","guid":{"rendered":"https:\/\/permaculturestorytelling.com\/?page_id=51978"},"modified":"2021-10-01T18:37:18","modified_gmt":"2021-10-01T18:37:18","slug":"initiation-a-la-permaculture-edition-dautomne","status":"publish","type":"page","link":"https:\/\/permaculturestorytelling.com\/fr\/initiation-a-la-permaculture-edition-dautomne\/","title":{"rendered":""},"content":{"rendered":"[et_pb_section fb_built=&#8221;1&#8243; admin_label=&#8221;section&#8221; _builder_version=&#8221;4.10.8&#8243; background_color=&#8221;#FFFFFF&#8221; da_disable_devices=&#8221;off|off|off&#8221; global_colors_info=&#8221;{}&#8221;][et_pb_row _builder_version=&#8221;4.10.8&#8243; width_tablet=&#8221;&#8221; width_phone=&#8221;90%&#8221; width_last_edited=&#8221;on|phone&#8221; custom_padding=&#8221;||0px|||&#8221; locked=&#8221;off&#8221; global_colors_info=&#8221;{}&#8221;][et_pb_column type=&#8221;4_4&#8243; _builder_version=&#8221;3.25&#8243; custom_padding=&#8221;|||&#8221; global_colors_info=&#8221;{}&#8221; custom_padding__hover=&#8221;|||&#8221;][et_pb_text _builder_version=&#8221;4.10.8&#8243; text_font=&#8221;EB Garamond|700|||||||&#8221; text_text_color=&#8221;rgba(0,0,0,0.02)&#8221; text_font_size=&#8221;80px&#8221; text_line_height=&#8221;0em&#8221; header_font=&#8221;Alegreya|600||||on|||&#8221; header_text_color=&#8221;#383838&#8243; header_font_size=&#8221;37px&#8221; header_line_height=&#8221;1.2em&#8221; header_2_font=&#8221;|||||on|||&#8221; header_2_font_size=&#8221;36px&#8221; header_2_line_height=&#8221;1.3em&#8221; text_orientation=&#8221;center&#8221; min_height=&#8221;70.8px&#8221; min_height_tablet=&#8221;&#8221; min_height_phone=&#8221;&#8221; min_height_last_edited=&#8221;on|phone&#8221; custom_margin=&#8221;||-1px|||&#8221; text_font_size_tablet=&#8221;50px&#8221; text_font_size_phone=&#8221;30px&#8221; text_font_size_last_edited=&#8221;on|desktop&#8221; header_font_size_tablet=&#8221;&#8221; header_font_size_phone=&#8221;34px&#8221; header_font_size_last_edited=&#8221;on|phone&#8221; header_2_font_size_tablet=&#8221;40px&#8221; header_2_font_size_phone=&#8221;30px&#8221; header_2_font_size_last_edited=&#8221;on|phone&#8221; global_colors_info=&#8221;{}&#8221;]<h1>Initiation a la permaculture, edition d&#8217;automne<\/h1>[\/et_pb_text][\/et_pb_column][\/et_pb_row][et_pb_row admin_label=&#8221;row&#8221; _builder_version=&#8221;4.10.8&#8243; background_size=&#8221;initial&#8221; background_position=&#8221;top_left&#8221; background_repeat=&#8221;repeat&#8221; width_tablet=&#8221;&#8221; width_phone=&#8221;90%&#8221; width_last_edited=&#8221;on|phone&#8221; global_colors_info=&#8221;{}&#8221;][et_pb_column type=&#8221;4_4&#8243; _builder_version=&#8221;3.25&#8243; custom_padding=&#8221;|||&#8221; global_colors_info=&#8221;{}&#8221; custom_padding__hover=&#8221;|||&#8221;][et_pb_image src=&#8221;https:\/\/permaculturestorytelling.com\/wp-content\/uploads\/2021\/09\/permaculture-workshop-design.jpg&#8221; alt=&#8221;permaculture workshop&#8221; title_text=&#8221;permaculture-workshop-design&#8221; align=&#8221;center&#8221; show_bottom_space_tablet=&#8221;&#8221; show_bottom_space_phone=&#8221;off&#8221; show_bottom_space_last_edited=&#8221;on|phone&#8221; disabled_on=&#8221;off|off|off&#8221; _builder_version=&#8221;4.10.8&#8243; _module_preset=&#8221;default&#8221; width=&#8221;72%&#8221; width_tablet=&#8221;&#8221; width_phone=&#8221;100%&#8221; width_last_edited=&#8221;on|phone&#8221; border_radii=&#8221;on|5px|5px|5px|5px&#8221; box_shadow_style=&#8221;preset1&#8243; box_shadow_vertical=&#8221;20px&#8221; box_shadow_blur=&#8221;40px&#8221; box_shadow_color=&#8221;RGBA(61,65,84,0.15)&#8221; locked=&#8221;off&#8221; global_colors_info=&#8221;{}&#8221;][\/et_pb_image][et_pb_text _builder_version=&#8221;4.10.8&#8243; text_font=&#8221;Lato||||||||&#8221; text_text_color=&#8221;#383838&#8243; header_2_font=&#8221;|||||on|||&#8221; header_2_font_size=&#8221;36px&#8221; header_2_line_height=&#8221;1.3em&#8221; min_height=&#8221;70.8px&#8221; min_height_tablet=&#8221;&#8221; min_height_phone=&#8221;&#8221; min_height_last_edited=&#8221;on|phone&#8221; custom_margin=&#8221;8vh||-1px||false|false&#8221; header_2_font_size_tablet=&#8221;40px&#8221; header_2_font_size_phone=&#8221;30px&#8221; header_2_font_size_last_edited=&#8221;on|phone&#8221; locked=&#8221;off&#8221; global_colors_info=&#8221;{}&#8221;]<p><strong><u>Dates<\/u><\/strong>\u00a0: 2 -3 Octobre 2021, 9h-17h<\/p>\n<p><\/p>\n<p><strong><u>Ou<\/u><\/strong>\u00a0: chez Brigitte et Raphael Amman, 841 Rue du 8 Mai 1945, 69290 Craponne, France<\/p>\n<p><\/p>\n<p><strong><u>Description\u00a0:<\/u><\/strong><\/p>\n<p><\/p>\n<p>La Permaculture est une Science \u00e9thique con\u00e7ue pour vivre en harmonie avec la Nature, par un design conscient et \u00e9volutif. Les opportunit\u00e9s de chaque saison repr\u00e9sentent des points de d\u00e9part pour la pratique.<\/p>\n<p>La Conception en Permaculture utilise une m\u00e9thodologie appropri\u00e9e pour int\u00e9grer les \u00e9l\u00e9ments naturels, selon des mod\u00e8les applicables dans le milieu urbain et rural.<\/p>\n<p><\/p>[\/et_pb_text][et_pb_text _builder_version=&#8221;4.10.8&#8243; text_font=&#8221;EB Garamond|700|||||||&#8221; text_text_color=&#8221;rgba(0,0,0,0.02)&#8221; text_font_size=&#8221;80px&#8221; text_line_height=&#8221;0em&#8221; header_2_font=&#8221;|||||on|||&#8221; header_2_font_size=&#8221;36px&#8221; header_2_line_height=&#8221;1.3em&#8221; text_orientation=&#8221;center&#8221; min_height_tablet=&#8221;&#8221; min_height_phone=&#8221;&#8221; min_height_last_edited=&#8221;on|phone&#8221; custom_margin=&#8221;3vh||-4px||false|false&#8221; custom_padding=&#8221;||0px||false|false&#8221; text_font_size_tablet=&#8221;50px&#8221; text_font_size_phone=&#8221;30px&#8221; text_font_size_last_edited=&#8221;on|desktop&#8221; header_2_font_size_tablet=&#8221;40px&#8221; header_2_font_size_phone=&#8221;30px&#8221; header_2_font_size_last_edited=&#8221;on|phone&#8221; locked=&#8221;off&#8221; global_colors_info=&#8221;{}&#8221;]<h2>Programme<\/h2>[\/et_pb_text][et_pb_divider color=&#8221;#fdb467&#8243; divider_position=&#8221;center&#8221; divider_weight=&#8221;3px&#8221; _builder_version=&#8221;4.10.8&#8243; max_width=&#8221;50px&#8221; module_alignment=&#8221;center&#8221; custom_margin=&#8221;||0px||false|false&#8221; custom_margin_tablet=&#8221;&#8221; custom_margin_phone=&#8221;||0px||false|false&#8221; custom_margin_last_edited=&#8221;on|phone&#8221; custom_padding=&#8221;||0px||false|false&#8221; animation_style=&#8221;slide&#8221; animation_direction=&#8221;top&#8221; animation_intensity_slide=&#8221;10%&#8221; animation_starting_opacity=&#8221;100%&#8221; locked=&#8221;off&#8221; global_colors_info=&#8221;{}&#8221;][\/et_pb_divider][et_pb_text admin_label=&#8221;Text&#8221; _builder_version=&#8221;4.10.8&#8243; text_font=&#8221;Lato||||||||&#8221; text_text_color=&#8221;#383838&#8243; header_2_font=&#8221;Alegreya||||||||&#8221; header_2_font_size=&#8221;25px&#8221; background_size=&#8221;initial&#8221; background_position=&#8221;top_left&#8221; background_repeat=&#8221;repeat&#8221; custom_padding_tablet=&#8221;&#8221; custom_padding_phone=&#8221;0px||||false|false&#8221; custom_padding_last_edited=&#8221;on|phone&#8221; global_colors_info=&#8221;{}&#8221;]<p><\/p>\n<h2>Samedi 2 octobre :<\/h2>\n<p><\/p>\n<p>1. Les \u00e9thiques et les directives de la Permaculture, dans la pratique (avec une visite du lieu).<\/p>\n<p><\/p>\n<p>2. Des m\u00e9thodes de conception : pr\u00e9sentation et application dans le projet<\/p>\n<p><\/p>\n<h2>Dimanche 3 octobre :<\/h2>\n<p><\/p>\n<p>1. Pratique sur le terrain, autour des th\u00e9matiques :<\/p>\n<p><\/p>\n<p>&#8211; la gestion des ressources (le compost)<\/p>\n<p><\/p>\n<p>&#8211; le potager<\/p>\n<p><\/p>\n<p>&#8211; le jardin-foret<\/p>\n<p><\/p>\n<p>2. Questions et r\u00e9ponses, \u00e9changes libres<\/p>\n<p><\/p>\n<p><strong><u>Prix <\/u><\/strong><strong><u>\u200b\u200b<\/u><\/strong><strong><u>:<\/u><\/strong> 40 euros (samedi) et 20 euros (dimanche). Possibilit\u00e9 de s&#8217;inscrire \u00e0 un seul jour de formation.<\/p>\n<p><\/p>\n<p><\/p>[\/et_pb_text][et_pb_text _builder_version=&#8221;4.9.1&#8243; text_font=&#8221;EB Garamond|700|||||||&#8221; text_text_color=&#8221;rgba(0,0,0,0.02)&#8221; text_font_size=&#8221;80px&#8221; text_line_height=&#8221;0em&#8221; header_2_font=&#8221;|||||on|||&#8221; header_2_font_size=&#8221;36px&#8221; header_2_line_height=&#8221;1.3em&#8221; header_3_font=&#8221;|||||on|||&#8221; header_3_text_align=&#8221;center&#8221; header_3_font_size=&#8221;30px&#8221; text_orientation=&#8221;center&#8221; custom_margin=&#8221;||-1px|||&#8221; text_font_size_tablet=&#8221;50px&#8221; text_font_size_phone=&#8221;30px&#8221; text_font_size_last_edited=&#8221;on|desktop&#8221; header_2_font_size_tablet=&#8221;40px&#8221; header_2_font_size_phone=&#8221;36px&#8221; header_2_font_size_last_edited=&#8221;on|phone&#8221; locked=&#8221;off&#8221; global_colors_info=&#8221;{}&#8221;]<h3>Access<\/h3>[\/et_pb_text][et_pb_divider color=&#8221;#fdb467&#8243; divider_position=&#8221;center&#8221; divider_weight=&#8221;3px&#8221; _builder_version=&#8221;3.2&#8243; max_width=&#8221;50px&#8221; module_alignment=&#8221;center&#8221; custom_margin=&#8221;||20px|&#8221; animation_style=&#8221;slide&#8221; animation_direction=&#8221;top&#8221; animation_intensity_slide=&#8221;10%&#8221; animation_starting_opacity=&#8221;100%&#8221; locked=&#8221;off&#8221; global_colors_info=&#8221;{}&#8221;][\/et_pb_divider][et_pb_text _builder_version=&#8221;4.10.8&#8243; _module_preset=&#8221;default&#8221; text_font=&#8221;Lato||||||||&#8221; text_text_color=&#8221;#383838&#8243; text_line_height=&#8221;1.4em&#8221; link_text_color=&#8221;#666666&#8243; header_3_font=&#8221;Alegreya|600|||||||&#8221; header_3_text_color=&#8221;#383838&#8243; custom_padding_tablet=&#8221;&#8221; custom_padding_phone=&#8221;|||10px|false|false&#8221; custom_padding_last_edited=&#8221;on|phone&#8221; hover_enabled=&#8221;0&#8243; locked=&#8221;off&#8221; global_colors_info=&#8221;{}&#8221; sticky_enabled=&#8221;0&#8243;]<h3><u>Transport:<\/u><\/h3>\n<p>Ligne de bus C24 direction et arr\u00eat Val d&#8217;Yzeron \u00e0 partir de la station de m\u00e9tro Gorge de Loup.<br \/>Trois places de parking devant le num\u00e9ro 841.<\/p>\n<p>Caf\u00e9 et th\u00e9 mis \u00e0 disposition par les organisateurs<\/p>\n<p><strong><u>Renseignements:<\/u><\/strong> <strong>info@CalinRadulescu.com.<\/strong><\/p>[\/et_pb_text][\/et_pb_column][\/et_pb_row][\/et_pb_section]","protected":false},"excerpt":{"rendered":"<p>Initiation a la permaculture, edition d&#8217;automneDates\u00a0: 2 -3 Octobre 2021, 9h-17h Ou\u00a0: chez Brigitte et Raphael Amman, 841 Rue du 8 Mai 1945, 69290 Craponne, France Description\u00a0: La Permaculture est [&hellip;]<\/p>\n","protected":false},"author":1,"featured_media":0,"parent":0,"menu_order":0,"comment_status":"closed","ping_status":"closed","template":"","meta":{"_et_pb_use_builder":"on","_et_pb_old_content":"<!-- wp:image {\"width\":608,\"height\":341} -->\n<figure class=\"wp-block-image is-resized\"><img alt=\"\" width=\"608\" height=\"341\"\/><\/figure>\n<!-- \/wp:image -->\n\n<!-- wp:paragraph -->\n<p><strong><u>Dates<\/u><\/strong>&nbsp;: 2 -3 Octobre 2021, 9h-17h<\/p>\n<!-- \/wp:paragraph -->\n\n<!-- wp:paragraph -->\n<p><strong><u>Ou<\/u><\/strong>&nbsp;: chez Brigitte et Raphael Amman, 841 Rue du 8 Mai 1945, 69290 Craponne, France<\/p>\n<!-- \/wp:paragraph -->\n\n<!-- wp:paragraph -->\n<p><strong><u>Description&nbsp;:<\/u><\/strong><\/p>\n<!-- \/wp:paragraph -->\n\n<!-- wp:paragraph -->\n<p>La Permaculture est une Science \u00e9thique con\u00e7ue pour vivre en harmonie avec la Nature, par un design conscient et \u00e9volutif. Les opportunit\u00e9s de chaque saison repr\u00e9sentent des points de d\u00e9part pour la pratique.<\/p>\n<!-- \/wp:paragraph -->\n\n<!-- wp:paragraph -->\n<p>La Conception en Permaculture utilise une m\u00e9thodologie appropri\u00e9e pour int\u00e9grer les \u00e9l\u00e9ments naturels, selon des mod\u00e8les applicables dans le milieu urbain et rural.<\/p>\n<!-- \/wp:paragraph -->\n\n<!-- wp:paragraph -->\n<p><strong><u>Programme&nbsp;:<\/u><\/strong><\/p>\n<!-- \/wp:paragraph -->\n\n<!-- wp:paragraph -->\n<p>Samedi 2 octobre :<\/p>\n<!-- \/wp:paragraph -->\n\n<!-- wp:paragraph -->\n<p>1. Les \u00e9thiques et les directives de la Permaculture, dans la pratique (avec une visite du lieu).<\/p>\n<!-- \/wp:paragraph -->\n\n<!-- wp:paragraph -->\n<p>2. Des m\u00e9thodes de conception : pr\u00e9sentation et application dans le projet<\/p>\n<!-- \/wp:paragraph -->\n\n<!-- wp:paragraph -->\n<p>Dimanche 3 octobre :<\/p>\n<!-- \/wp:paragraph -->\n\n<!-- wp:paragraph -->\n<p>1. Pratique sur le terrain, autour des th\u00e9matiques :<\/p>\n<!-- \/wp:paragraph -->\n\n<!-- wp:paragraph -->\n<p>- la gestion des ressources (le compost)<\/p>\n<!-- \/wp:paragraph -->\n\n<!-- wp:paragraph -->\n<p>- le potager<\/p>\n<!-- \/wp:paragraph -->\n\n<!-- wp:paragraph -->\n<p>- le jardin-foret<\/p>\n<!-- \/wp:paragraph -->\n\n<!-- wp:paragraph -->\n<p>2. Questions et r\u00e9ponses, \u00e9changes libres<\/p>\n<!-- \/wp:paragraph -->\n\n<!-- wp:paragraph -->\n<p><strong><u>Prix <\/u><\/strong><strong><u>\u200b\u200b<\/u><\/strong><strong><u>:<\/u><\/strong> 40 euros (samedi) et 20 euros (dimanche). Possibilit\u00e9 de s'inscrire \u00e0 un seul jour de formation.<\/p>\n<!-- \/wp:paragraph -->\n\n<!-- wp:paragraph -->\n<p><strong><u>Transport:<\/u><\/strong><\/p>\n<!-- \/wp:paragraph -->\n\n<!-- wp:paragraph -->\n<p>Ligne de bus C24 direction et arr\u00eat Val d'Yzeron \u00e0 partir de la station de m\u00e9tro Gorge de Loup.Trois places de parking devant le num\u00e9ro 841.<\/p>\n<!-- \/wp:paragraph -->\n\n<!-- wp:paragraph -->\n<p>Caf\u00e9 et th\u00e9 mis \u00e0 disposition par les organisateurs.<\/p>\n<!-- \/wp:paragraph -->\n\n<!-- wp:paragraph -->\n<p><strong><u>Renseignements:<\/u><\/strong> <strong>info@CalinRadulescu.com.<\/strong><\/p>\n<!-- \/wp:paragraph -->","_et_gb_content_width":"","_EventAllDay":false,"_EventTimezone":"","_EventStartDate":"","_EventEndDate":"","_EventStartDateUTC":"","_EventEndDateUTC":"","_EventShowMap":false,"_EventShowMapLink":false,"_EventURL":"","_EventCost":"","_EventCostDescription":"","_EventCurrencySymbol":"","_EventCurrencyCode":"","_EventCurrencyPosition":"","_EventDateTimeSeparator":"","_EventTimeRangeSeparator":"","_EventOrganizerID":[],"_EventVenueID":[],"_OrganizerEmail":"","_OrganizerPhone":"","_OrganizerWebsite":"","_VenueAddress":"","_VenueCity":"","_VenueCountry":"","_VenueProvince":"","_VenueState":"","_VenueZip":"","_VenuePhone":"","_VenueURL":"","_VenueStateProvince":"","_VenueLat":"","_VenueLng":"","_VenueShowMap":false,"_VenueShowMapLink":false,"footnotes":""},"class_list":["post-51978","page","type-page","status-publish","hentry"],"jetpack_sharing_enabled":true,"_links":{"self":[{"href":"https:\/\/permaculturestorytelling.com\/fr\/wp-json\/wp\/v2\/pages\/51978","targetHints":{"allow":["GET"]}}],"collection":[{"href":"https:\/\/permaculturestorytelling.com\/fr\/wp-json\/wp\/v2\/pages"}],"about":[{"href":"https:\/\/permaculturestorytelling.com\/fr\/wp-json\/wp\/v2\/types\/page"}],"author":[{"embeddable":true,"href":"https:\/\/permaculturestorytelling.com\/fr\/wp-json\/wp\/v2\/users\/1"}],"replies":[{"embeddable":true,"href":"https:\/\/permaculturestorytelling.com\/fr\/wp-json\/wp\/v2\/comments?post=51978"}],"version-history":[{"count":4,"href":"https:\/\/permaculturestorytelling.com\/fr\/wp-json\/wp\/v2\/pages\/51978\/revisions"}],"predecessor-version":[{"id":52091,"href":"https:\/\/permaculturestorytelling.com\/fr\/wp-json\/wp\/v2\/pages\/51978\/revisions\/52091"}],"wp:attachment":[{"href":"https:\/\/permaculturestorytelling.com\/fr\/wp-json\/wp\/v2\/media?parent=51978"}],"curies":[{"name":"wp","href":"https:\/\/api.w.org\/{rel}","templated":true}]}}